{"id":243,"date":"2019-12-23T15:47:42","date_gmt":"2019-12-23T15:47:42","guid":{"rendered":"https:\/\/mything.ch\/?page_id=243"},"modified":"2023-12-19T20:21:18","modified_gmt":"2023-12-19T20:21:18","slug":"speis-trank","status":"publish","type":"page","link":"https:\/\/mything.ch\/index.php\/speis-trank\/","title":{"rendered":"Speise &#038; Getr\u00e4nke"},"content":{"rendered":"\n<h2 class=\"wp-block-heading\"><strong>Getr\u00e4nkekarte<\/strong><\/h2>\n\n\n\n<p><a href=\"https:\/\/mything.ch\/wp-content\/uploads\/2023\/04\/Getr\u00e4nk.pdf\">Getr\u00e4nkekarte PDF<\/a><\/p>\n\n\n\n<h2 class=\"wp-block-heading\"><strong>Speisekarte<\/strong><\/h2>\n\n\n\n<p><a href=\"https:\/\/mything.ch\/wp-content\/uploads\/2023\/04\/Speissekarte.pdf\">Speisekarte PDF<\/a><\/p>\n\n\n\n<hr class=\"wp-block-separator has-css-opacity\"\/>\n\n\n\n<div class=\"wp-block-group is-layout-flow wp-block-group-is-layout-flow\"><div class=\"wp-block-group__inner-container\">\n<div class=\"wp-block-group is-layout-flow wp-block-group-is-layout-flow\"><div class=\"wp-block-group__inner-container\">\n<figure class=\"wp-block-gallery has-nested-images columns-default is-cropped wp-block-gallery-1 is-layout-flex wp-block-gallery-is-layout-flex\">\n<figure class=\"wp-block-image\"><img loading=\"lazy\" decoding=\"async\" width=\"853\" height=\"480\" src=\"https:\/\/mything.ch\/wp-content\/uploads\/2023\/05\/getr\u00e4nke.gif\" alt=\"\" class=\"wp-image-822\"\/><\/figure>\n<\/figure>\n<\/div><\/div>\n<\/div><\/div>\n\n\n\n<hr class=\"wp-block-separator has-css-opacity\"\/>\n\n\n\n<div class=\"wp-block-media-text alignwide\" style=\"grid-template-columns:30% auto\"><figure class=\"wp-block-media-text__media\"><img loading=\"lazy\" decoding=\"async\" width=\"1024\" height=\"597\" src=\"https:\/\/mything.ch\/wp-content\/uploads\/2019\/12\/IMG_20190329_114343_450-1024x597.jpg\" alt=\"\" class=\"wp-image-132 size-full\" srcset=\"https:\/\/mything.ch\/wp-content\/uploads\/2019\/12\/IMG_20190329_114343_450-1024x597.jpg 1024w, https:\/\/mything.ch\/wp-content\/uploads\/2019\/12\/IMG_20190329_114343_450-300x175.jpg 300w, https:\/\/mything.ch\/wp-content\/uploads\/2019\/12\/IMG_20190329_114343_450-768x448.jpg 768w, https:\/\/mything.ch\/wp-content\/uploads\/2019\/12\/IMG_20190329_114343_450-1536x896.jpg 1536w, https:\/\/mything.ch\/wp-content\/uploads\/2019\/12\/IMG_20190329_114343_450-2048x1195.jpg 2048w, https:\/\/mything.ch\/wp-content\/uploads\/2019\/12\/IMG_20190329_114343_450-1200x700.jpg 1200w, https:\/\/mything.ch\/wp-content\/uploads\/2019\/12\/IMG_20190329_114343_450-900x525.jpg 900w, https:\/\/mything.ch\/wp-content\/uploads\/2019\/12\/IMG_20190329_114343_450-400x233.jpg 400w\" sizes=\"(max-width: 1024px) 100vw, 1024px\" \/><\/figure><div class=\"wp-block-media-text__content\">\n<p class=\"has-normal-font-size\">Geniessen Sie bei uns ein leckeres <strong>Mything-Pl\u00e4ttli <\/strong>gross (f\u00fcr ca. 4 Personen) oder klein (f\u00fcr ca. 2 Personen). Nur auf Vorbestellung.  <\/p>\n<\/div><\/div>\n\n\n\n<p><\/p>\n\n\n\n<hr class=\"wp-block-separator has-css-opacity\"\/>\n\n\n\n<p><\/p>\n","protected":false},"excerpt":{"rendered":"<p>Getr\u00e4nkekarte Getr\u00e4nkekarte PDF Speisekarte Speisekarte PDF Geniessen Sie bei uns ein leckeres Mything-Pl\u00e4ttli gross (f\u00fcr ca. 4 Personen) oder klein (f\u00fcr ca. 2 Personen). Nur auf Vorbestellung.<\/p>\n","protected":false},"author":1,"featured_media":805,"parent":0,"menu_order":0,"comment_status":"closed","ping_status":"closed","template":"","meta":{"ngg_post_thumbnail":0,"footnotes":""},"_links":{"self":[{"href":"https:\/\/mything.ch\/index.php\/wp-json\/wp\/v2\/pages\/243"}],"collection":[{"href":"https:\/\/mything.ch\/index.php\/wp-json\/wp\/v2\/pages"}],"about":[{"href":"https:\/\/mything.ch\/index.php\/wp-json\/wp\/v2\/types\/page"}],"author":[{"embeddable":true,"href":"https:\/\/mything.ch\/index.php\/wp-json\/wp\/v2\/users\/1"}],"replies":[{"embeddable":true,"href":"https:\/\/mything.ch\/index.php\/wp-json\/wp\/v2\/comments?post=243"}],"version-history":[{"count":81,"href":"https:\/\/mything.ch\/index.php\/wp-json\/wp\/v2\/pages\/243\/revisions"}],"predecessor-version":[{"id":940,"href":"https:\/\/mything.ch\/index.php\/wp-json\/wp\/v2\/pages\/243\/revisions\/940"}],"wp:featuredmedia":[{"embeddable":true,"href":"https:\/\/mything.ch\/index.php\/wp-json\/wp\/v2\/media\/805"}],"wp:attachment":[{"href":"https:\/\/mything.ch\/index.php\/wp-json\/wp\/v2\/media?parent=243"}],"curies":[{"name":"wp","href":"https:\/\/api.w.org\/{rel}","templated":true}]}}