{"id":207,"date":"2019-12-23T15:13:05","date_gmt":"2019-12-23T15:13:05","guid":{"rendered":"https:\/\/mything.ch\/?page_id=207"},"modified":"2024-03-11T23:07:57","modified_gmt":"2024-03-11T23:07:57","slug":"lokal","status":"publish","type":"page","link":"https:\/\/mything.ch\/index.php\/ueber-uns-2\/lokal\/","title":{"rendered":"Lokal"},"content":{"rendered":"\n<h2 class=\"wp-block-heading\">Bar&amp;Lounge<\/h2>\n\n\n\n<figure class=\"wp-block-gallery has-nested-images columns-2 is-cropped wp-block-gallery-1 is-layout-flex wp-block-gallery-is-layout-flex\">\n<figure class=\"wp-block-image\"><img loading=\"lazy\" decoding=\"async\" width=\"500\" height=\"333\" data-id=\"531\" src=\"https:\/\/mything.ch\/wp-content\/uploads\/2020\/11\/DSC_0782.md_.jpg\" alt=\"\" class=\"wp-image-531\" srcset=\"https:\/\/mything.ch\/wp-content\/uploads\/2020\/11\/DSC_0782.md_.jpg 500w, https:\/\/mything.ch\/wp-content\/uploads\/2020\/11\/DSC_0782.md_-300x200.jpg 300w, https:\/\/mything.ch\/wp-content\/uploads\/2020\/11\/DSC_0782.md_-400x266.jpg 400w\" sizes=\"(max-width: 500px) 100vw, 500px\" \/><\/figure>\n\n\n\n<figure class=\"wp-block-image\"><img loading=\"lazy\" decoding=\"async\" width=\"500\" height=\"333\" data-id=\"524\" src=\"https:\/\/mything.ch\/wp-content\/uploads\/2020\/11\/Bar-01.jpg\" alt=\"\" class=\"wp-image-524\" srcset=\"https:\/\/mything.ch\/wp-content\/uploads\/2020\/11\/Bar-01.jpg 500w, https:\/\/mything.ch\/wp-content\/uploads\/2020\/11\/Bar-01-300x200.jpg 300w, https:\/\/mything.ch\/wp-content\/uploads\/2020\/11\/Bar-01-400x266.jpg 400w\" sizes=\"(max-width: 500px) 100vw, 500px\" \/><\/figure>\n<\/figure>\n\n\n\n<figure class=\"wp-block-gallery has-nested-images columns-default is-cropped wp-block-gallery-2 is-layout-flex wp-block-gallery-is-layout-flex\">\n<figure class=\"wp-block-image size-large\"><img loading=\"lazy\" decoding=\"async\" width=\"853\" height=\"480\" data-id=\"823\" src=\"https:\/\/mything.ch\/wp-content\/uploads\/2023\/05\/Mything-ambiente.gif\" alt=\"\" class=\"wp-image-823\"\/><\/figure>\n<\/figure>\n\n\n\n<p>Ein Kaffee in der Lounge oder ein Feierabend-Bier an der Bar \u2013 das Mything l\u00e4dt einfach zum Verweilen ein. <\/p>\n\n\n\n<hr class=\"wp-block-separator has-css-opacity\"\/>\n\n\n\n<h2 class=\"wp-block-heading\">Weinkeller<\/h2>\n\n\n\n<figure class=\"wp-block-image size-large is-resized\"><img loading=\"lazy\" decoding=\"async\" width=\"833\" height=\"1024\" src=\"https:\/\/mything.ch\/wp-content\/uploads\/2024\/03\/Fondue--833x1024.jpg\" alt=\"\" class=\"wp-image-962\" style=\"width:384px;height:auto\" srcset=\"https:\/\/mything.ch\/wp-content\/uploads\/2024\/03\/Fondue--833x1024.jpg 833w, https:\/\/mything.ch\/wp-content\/uploads\/2024\/03\/Fondue--244x300.jpg 244w, https:\/\/mything.ch\/wp-content\/uploads\/2024\/03\/Fondue--768x944.jpg 768w, https:\/\/mything.ch\/wp-content\/uploads\/2024\/03\/Fondue--900x1106.jpg 900w, https:\/\/mything.ch\/wp-content\/uploads\/2024\/03\/Fondue--400x492.jpg 400w, https:\/\/mything.ch\/wp-content\/uploads\/2024\/03\/Fondue-.jpg 1170w\" sizes=\"(max-width: 833px) 100vw, 833px\" \/><\/figure>\n\n\n\n<figure class=\"wp-block-gallery aligncenter has-nested-images columns-2 is-cropped wp-block-gallery-3 is-layout-flex wp-block-gallery-is-layout-flex\">\n<figure class=\"wp-block-image\"><img loading=\"lazy\" decoding=\"async\" width=\"500\" height=\"333\" data-id=\"526\" src=\"https:\/\/mything.ch\/wp-content\/uploads\/2020\/11\/DSC_0789.md_.jpg\" alt=\"\" class=\"wp-image-526\" srcset=\"https:\/\/mything.ch\/wp-content\/uploads\/2020\/11\/DSC_0789.md_.jpg 500w, https:\/\/mything.ch\/wp-content\/uploads\/2020\/11\/DSC_0789.md_-300x200.jpg 300w, https:\/\/mything.ch\/wp-content\/uploads\/2020\/11\/DSC_0789.md_-400x266.jpg 400w\" sizes=\"(max-width: 500px) 100vw, 500px\" \/><\/figure>\n\n\n\n<figure class=\"wp-block-image\"><img loading=\"lazy\" decoding=\"async\" width=\"500\" height=\"333\" data-id=\"527\" src=\"https:\/\/mything.ch\/wp-content\/uploads\/2020\/11\/DSC_0792.md_.jpg\" alt=\"\" class=\"wp-image-527\" srcset=\"https:\/\/mything.ch\/wp-content\/uploads\/2020\/11\/DSC_0792.md_.jpg 500w, https:\/\/mything.ch\/wp-content\/uploads\/2020\/11\/DSC_0792.md_-300x200.jpg 300w, https:\/\/mything.ch\/wp-content\/uploads\/2020\/11\/DSC_0792.md_-400x266.jpg 400w\" sizes=\"(max-width: 500px) 100vw, 500px\" \/><\/figure>\n\n\n\n<figure class=\"wp-block-image\"><img loading=\"lazy\" decoding=\"async\" width=\"1024\" height=\"1017\" data-id=\"437\" src=\"https:\/\/mything.ch\/wp-content\/uploads\/2020\/03\/Screenshot_20200309-185945_Instagram-1024x1017.jpg\" alt=\"\" class=\"wp-image-437\" srcset=\"https:\/\/mything.ch\/wp-content\/uploads\/2020\/03\/Screenshot_20200309-185945_Instagram-1024x1017.jpg 1024w, https:\/\/mything.ch\/wp-content\/uploads\/2020\/03\/Screenshot_20200309-185945_Instagram-300x298.jpg 300w, https:\/\/mything.ch\/wp-content\/uploads\/2020\/03\/Screenshot_20200309-185945_Instagram-150x150.jpg 150w, https:\/\/mything.ch\/wp-content\/uploads\/2020\/03\/Screenshot_20200309-185945_Instagram-768x763.jpg 768w, https:\/\/mything.ch\/wp-content\/uploads\/2020\/03\/Screenshot_20200309-185945_Instagram-900x894.jpg 900w, https:\/\/mything.ch\/wp-content\/uploads\/2020\/03\/Screenshot_20200309-185945_Instagram-400x397.jpg 400w, https:\/\/mything.ch\/wp-content\/uploads\/2020\/03\/Screenshot_20200309-185945_Instagram.jpg 1079w\" sizes=\"(max-width: 1024px) 100vw, 1024px\" \/><\/figure>\n<\/figure>\n\n\n\n<p>Der rustikale und gem\u00fctliche Weinkeller ist das absolute Bijou des Mythings. Er ist ideal, um ein paar gem\u00fctliche Stunden mit Freunden, Jass-Abende oder ein romantisches Tete-\u00e0-tete zu verbringen. Er eignet sich auch sehr gut f\u00fcr Ap\u00e9ros, kleinere Feiern, Teamsitzungen oder Besprechungen. Ab 20 Personen kann der Weinkeller f\u00fcr geschlossene Gesellschaften gebucht werden. <\/p>\n\n\n\n<hr class=\"wp-block-separator has-css-opacity\"\/>\n\n\n\n<p>Ob mit einem Ap\u00e9ro oder einem Snack, direkt am Hauptplatz hat man den \u00dcberblick \u00fcber das Geschehen im Schwyzer Dorfkern. <\/p>\n","protected":false},"excerpt":{"rendered":"<p>Bar&amp;Lounge Ein Kaffee in der Lounge oder ein Feierabend-Bier an der Bar \u2013 das Mything l\u00e4dt einfach zum Verweilen ein. Weinkeller Der rustikale und gem\u00fctliche Weinkeller ist das absolute Bijou des Mythings. Er ist ideal, um ein paar gem\u00fctliche Stunden mit Freunden, Jass-Abende oder ein romantisches Tete-\u00e0-tete zu verbringen. Er eignet sich auch sehr gut [&hellip;]<\/p>\n","protected":false},"author":1,"featured_media":805,"parent":197,"menu_order":1,"comment_status":"closed","ping_status":"closed","template":"page-templates\/no-title.php","meta":{"ngg_post_thumbnail":0,"footnotes":""},"_links":{"self":[{"href":"https:\/\/mything.ch\/index.php\/wp-json\/wp\/v2\/pages\/207"}],"collection":[{"href":"https:\/\/mything.ch\/index.php\/wp-json\/wp\/v2\/pages"}],"about":[{"href":"https:\/\/mything.ch\/index.php\/wp-json\/wp\/v2\/types\/page"}],"author":[{"embeddable":true,"href":"https:\/\/mything.ch\/index.php\/wp-json\/wp\/v2\/users\/1"}],"replies":[{"embeddable":true,"href":"https:\/\/mything.ch\/index.php\/wp-json\/wp\/v2\/comments?post=207"}],"version-history":[{"count":24,"href":"https:\/\/mything.ch\/index.php\/wp-json\/wp\/v2\/pages\/207\/revisions"}],"predecessor-version":[{"id":963,"href":"https:\/\/mything.ch\/index.php\/wp-json\/wp\/v2\/pages\/207\/revisions\/963"}],"up":[{"embeddable":true,"href":"https:\/\/mything.ch\/index.php\/wp-json\/wp\/v2\/pages\/197"}],"wp:featuredmedia":[{"embeddable":true,"href":"https:\/\/mything.ch\/index.php\/wp-json\/wp\/v2\/media\/805"}],"wp:attachment":[{"href":"https:\/\/mything.ch\/index.php\/wp-json\/wp\/v2\/media?parent=207"}],"curies":[{"name":"wp","href":"https:\/\/api.w.org\/{rel}","templated":true}]}}